{"id":447,"date":"2021-06-02T21:15:23","date_gmt":"2021-06-03T00:15:23","guid":{"rendered":"http:\/\/territoriosdopetroleo.eco.br\/?page_id=447"},"modified":"2024-09-28T16:25:48","modified_gmt":"2024-09-28T19:25:48","slug":"relatorios","status":"publish","type":"page","link":"https:\/\/territoriosdopetroleo.uenf.br\/index.php\/relatorios\/","title":{"rendered":"8_Relat\u00f3rios"},"content":{"rendered":"\t\t<div data-elementor-type=\"wp-page\" data-elementor-id=\"447\" class=\"elementor elementor-447\" data-elementor-settings=\"[]\">\n\t\t\t\t\t\t\t<div class=\"elementor-section-wrap\">\n\t\t\t\t\t\t\t<section class=\"has_ma_el_bg_slider elementor-section elementor-top-section elementor-element elementor-element-1024973 elementor-section-height-min-height elementor-section-boxed elementor-section-height-default elementor-section-items-middle\" data-id=\"1024973\" data-element_type=\"section\">\n\t\t\t\t\t\t<div class=\"elementor-container elementor-column-gap-default\">\n\t\t\t\t\t<div class=\"has_ma_el_bg_slider elementor-column elementor-col-100 elementor-top-column elementor-element elementor-element-950dd43\" data-id=\"950dd43\" data-element_type=\"column\">\n\t\t\t<div class=\"elementor-widget-wrap elementor-element-populated\">\n\t\t\t\t\t\t\t\t<section class=\"has_ma_el_bg_slider elementor-section elementor-inner-section elementor-element elementor-element-d65944a elementor-section-content-middle elementor-section-boxed elementor-section-height-default elementor-section-height-default\" data-id=\"d65944a\" data-element_type=\"section\">\n\t\t\t\t\t\t<div class=\"elementor-container elementor-column-gap-default\">\n\t\t\t\t\t<div class=\"has_ma_el_bg_slider elementor-column elementor-col-50 elementor-inner-column elementor-element elementor-element-bfb481f\" data-id=\"bfb481f\" data-element_type=\"column\">\n\t\t\t<div class=\"elementor-widget-wrap elementor-element-populated\">\n\t\t\t\t\t\t\t\t<div class=\"elementor-element elementor-element-587e55c elementor-widget elementor-widget-image\" data-id=\"587e55c\" data-element_type=\"widget\" data-widget_type=\"image.default\">\n\t\t\t\t<div class=\"elementor-widget-container\">\n\t\t\t\t\t\t\t\t\t\t\t\t\t\t\t\t<a href=\"\/index.php\">\n\t\t\t\t\t\t\t<img width=\"91\" height=\"100\" src=\"https:\/\/territoriosdopetroleo.uenf.br\/wp-content\/uploads\/2021\/05\/logo_horizontal_100.jpg\" class=\"attachment-medium size-medium\" alt=\"\" loading=\"lazy\" \/>\t\t\t\t\t\t\t\t<\/a>\n\t\t\t\t\t\t\t\t\t\t\t\t\t\t\t<\/div>\n\t\t\t\t<\/div>\n\t\t\t\t\t<\/div>\n\t\t<\/div>\n\t\t\t\t<div class=\"has_ma_el_bg_slider elementor-column elementor-col-50 elementor-inner-column elementor-element elementor-element-869535d\" data-id=\"869535d\" data-element_type=\"column\">\n\t\t\t<div class=\"elementor-widget-wrap elementor-element-populated\">\n\t\t\t\t\t\t\t\t<div class=\"elementor-element elementor-element-8d7ea7f elementor-widget elementor-widget-wp-widget-ocean_custom_menu\" data-id=\"8d7ea7f\" data-element_type=\"widget\" data-widget_type=\"wp-widget-ocean_custom_menu.default\">\n\t\t\t\t<div class=\"elementor-widget-container\">\n\t\t\t<div class=\"oceanwp-custom-menu clr ocean_custom_menu-REPLACE_TO_ID left dropdown-hover\"><ul id=\"menu-menuprincipal\" class=\"dropdown-menu sf-menu\"><li  id=\"menu-item-4101\" class=\"menu-item menu-item-type-custom menu-item-object-custom menu-item-4101\"><a href=\"\/index.php\" class=\"menu-link\">In\u00edcio<\/a><\/li>\n<li  id=\"menu-item-81\" class=\"menu-item menu-item-type-custom menu-item-object-custom menu-item-has-children dropdown menu-item-81\"><a href=\"#projeto\" class=\"menu-link\">Projeto <span class=\"nav-arrow fa fa-angle-down\"><\/span><\/a>\n<ul class=\"sub-menu\">\n\t<li  id=\"menu-item-4102\" class=\"menu-item menu-item-type-custom menu-item-object-custom menu-item-4102\"><a href=\"\/index.php\/apresentacao\/\" class=\"menu-link\">Apresenta\u00e7\u00e3o<\/a><\/li>\n\t<li  id=\"menu-item-83\" class=\"menu-item menu-item-type-custom menu-item-object-custom menu-item-83\"><a href=\"\/index.php\/nucleos\/\" class=\"menu-link\">N\u00facleos<\/a><\/li>\n\t<li  id=\"menu-item-80\" class=\"menu-item menu-item-type-custom menu-item-object-custom menu-item-80\"><a href=\"http:\/\/pea-bc.ibp.org.br\/\" class=\"menu-link\">PEA-BC<\/a><\/li>\n<\/ul>\n<\/li>\n<li  id=\"menu-item-404\" class=\"menu-item menu-item-type-custom menu-item-object-custom menu-item-404\"><a href=\"\/index.php\/noticias\/\" class=\"menu-link\">Not\u00edcias<\/a><\/li>\n<li  id=\"menu-item-85\" class=\"menu-item menu-item-type-custom menu-item-object-custom menu-item-has-children dropdown menu-item-85\"><a href=\"#documentos\" class=\"menu-link\">Documentos <span class=\"nav-arrow fa fa-angle-down\"><\/span><\/a>\n<ul class=\"sub-menu\">\n\t<li  id=\"menu-item-86\" class=\"menu-item menu-item-type-custom menu-item-object-custom menu-item-86\"><a href=\"\/index.php\/licenciamento\/\" class=\"menu-link\">Licenciamento ambiental<\/a><\/li>\n\t<li  id=\"menu-item-87\" class=\"menu-item menu-item-type-custom menu-item-object-custom menu-item-87\"><a href=\"\/index.php\/publicacoes_1\/\" class=\"menu-link\">Publica\u00e7\u00f5es<\/a><\/li>\n\t<li  id=\"menu-item-88\" class=\"menu-item menu-item-type-custom menu-item-object-custom menu-item-88\"><a href=\"\/index.php\/relatorios\/\" class=\"menu-link\">Relat\u00f3rios<\/a><\/li>\n<\/ul>\n<\/li>\n<li  id=\"menu-item-89\" class=\"menu-item menu-item-type-custom menu-item-object-custom menu-item-89\"><a href=\"\/index.php\/videos-pea-tp\/\" class=\"menu-link\">V\u00eddeos<\/a><\/li>\n<li  id=\"menu-item-90\" class=\"menu-item menu-item-type-custom menu-item-object-custom menu-item-has-children dropdown menu-item-90\"><a href=\"#agenda\" class=\"menu-link\">Agenda <span class=\"nav-arrow fa fa-angle-down\"><\/span><\/a>\n<ul class=\"sub-menu\">\n\t<li  id=\"menu-item-604\" class=\"menu-item menu-item-type-custom menu-item-object-custom menu-item-604\"><a href=\"\/index.php\/agenda-armacao-de-buzios\/\" class=\"menu-link\">Arma\u00e7\u00e3o dos B\u00fazios<\/a><\/li>\n\t<li  id=\"menu-item-1473\" class=\"menu-item menu-item-type-custom menu-item-object-custom menu-item-1473\"><a href=\"\/index.php\/agenda-arraial-do-cabo\" class=\"menu-link\">Arraial do Cabo<\/a><\/li>\n\t<li  id=\"menu-item-1474\" class=\"menu-item menu-item-type-custom menu-item-object-custom menu-item-1474\"><a href=\"\/index.php\/agenda-cabo-frio\" class=\"menu-link\">Cabo Frio<\/a><\/li>\n\t<li  id=\"menu-item-1475\" class=\"menu-item menu-item-type-custom menu-item-object-custom menu-item-1475\"><a href=\"\/index.php\/agenda-campos-dos-goytacazes\" class=\"menu-link\">Campos dos Goytacazes<\/a><\/li>\n\t<li  id=\"menu-item-1476\" class=\"menu-item menu-item-type-custom menu-item-object-custom menu-item-1476\"><a href=\"\/index.php\/agenda-carapebus\" class=\"menu-link\">Carapebus<\/a><\/li>\n\t<li  id=\"menu-item-1477\" class=\"menu-item menu-item-type-custom menu-item-object-custom menu-item-1477\"><a href=\"\/index.php\/agenda-casimiro-de-abreu\" class=\"menu-link\">Casimiro de Abreu<\/a><\/li>\n\t<li  id=\"menu-item-1478\" class=\"menu-item menu-item-type-custom menu-item-object-custom menu-item-1478\"><a href=\"\/index.php\/agenda-macae\" class=\"menu-link\">Maca\u00e9<\/a><\/li>\n\t<li  id=\"menu-item-1479\" class=\"menu-item menu-item-type-custom menu-item-object-custom menu-item-1479\"><a href=\"\/index.php\/agenda-quissama\" class=\"menu-link\">Quisssam\u00e3<\/a><\/li>\n\t<li  id=\"menu-item-1480\" class=\"menu-item menu-item-type-custom menu-item-object-custom menu-item-1480\"><a href=\"\/index.php\/agenda-rio-das-ostras\" class=\"menu-link\">Rio das Ostras<\/a><\/li>\n\t<li  id=\"menu-item-1481\" class=\"menu-item menu-item-type-custom menu-item-object-custom menu-item-1481\"><a href=\"\/index.php\/agenda-sao-joao-da-barra\" class=\"menu-link\">S\u00e3o Jo\u00e3o da Barra<\/a><\/li>\n<\/ul>\n<\/li>\n<li  id=\"menu-item-101\" class=\"menu-item menu-item-type-custom menu-item-object-custom menu-item-has-children dropdown menu-item-101\"><a href=\"#interatividade\" class=\"menu-link\">Interatividade <span class=\"nav-arrow fa fa-angle-down\"><\/span><\/a>\n<ul class=\"sub-menu\">\n\t<li  id=\"menu-item-102\" class=\"menu-item menu-item-type-custom menu-item-object-custom menu-item-102\"><a href=\"\/index.php\/quizz\" class=\"menu-link\">Quiz<\/a><\/li>\n\t<li  id=\"menu-item-103\" class=\"menu-item menu-item-type-custom menu-item-object-custom menu-item-103\"><a href=\"index.php\/jogo-dos-eixos\/\" class=\"menu-link\">Jogo dos eixos<\/a><\/li>\n<\/ul>\n<\/li>\n<li  id=\"menu-item-581\" class=\"menu-item menu-item-type-custom menu-item-object-custom menu-item-581\"><a href=\"\/index.php\/contato\/\" class=\"menu-link\">Contato<\/a><\/li>\n<\/ul><\/div>\t\t<\/div>\n\t\t\t\t<\/div>\n\t\t\t\t\t<\/div>\n\t\t<\/div>\n\t\t\t\t\t\t\t<\/div>\n\t\t<\/section>\n\t\t\t\t\t<\/div>\n\t\t<\/div>\n\t\t\t\t\t\t\t<\/div>\n\t\t<\/section>\n\t\t\t\t<section class=\"has_ma_el_bg_slider elementor-section elementor-top-section elementor-element elementor-element-9315546 elementor-section-boxed elementor-section-height-default elementor-section-height-default\" data-id=\"9315546\" data-element_type=\"section\" data-settings=\"{&quot;shape_divider_top&quot;:&quot;opacity-tilt&quot;}\">\n\t\t\t\t\t<div class=\"elementor-shape elementor-shape-top\" data-negative=\"false\">\n\t\t\t<svg xmlns=\"http:\/\/www.w3.org\/2000\/svg\" viewBox=\"0 0 2600 131.1\" preserveAspectRatio=\"none\">\n\t<path class=\"elementor-shape-fill\" d=\"M0 0L2600 0 2600 69.1 0 0z\"\/>\n\t<path class=\"elementor-shape-fill\" style=\"opacity:0.5\" d=\"M0 0L2600 0 2600 69.1 0 69.1z\"\/>\n\t<path class=\"elementor-shape-fill\" style=\"opacity:0.25\" d=\"M2600 0L0 0 0 130.1 2600 69.1z\"\/>\n<\/svg>\t\t<\/div>\n\t\t\t\t\t<div class=\"elementor-container elementor-column-gap-default\">\n\t\t\t\t\t<div class=\"has_ma_el_bg_slider elementor-column elementor-col-100 elementor-top-column elementor-element elementor-element-1aab1e0\" data-id=\"1aab1e0\" data-element_type=\"column\">\n\t\t\t<div class=\"elementor-widget-wrap elementor-element-populated\">\n\t\t\t\t\t\t\t\t<div class=\"elementor-element elementor-element-58b0f94 elementor-widget elementor-widget-heading\" data-id=\"58b0f94\" data-element_type=\"widget\" data-widget_type=\"heading.default\">\n\t\t\t\t<div class=\"elementor-widget-container\">\n\t\t\t<h3 class=\"elementor-heading-title elementor-size-default\">Relat\u00f3rios<\/h3>\t\t<\/div>\n\t\t\t\t<\/div>\n\t\t\t\t<div class=\"elementor-element elementor-element-4be2a15 blueContent elementor-widget elementor-widget-text-editor\" data-id=\"4be2a15\" data-element_type=\"widget\" data-widget_type=\"text-editor.default\">\n\t\t\t\t<div class=\"elementor-widget-container\">\n\t\t\t\t\t\t\t\t<header class=\"entry-header ast-no-thumbnail\"><div class=\"ast-single-post-order\"><p><strong>Consulte os relat\u00f3rios anuais de atividade do projeto \u201cTerrit\u00f3rios do Petr\u00f3leo: <em>royalties<\/em>\u00a0e vig\u00edlia cidad\u00e3 na Bacia de Campos\u201d<\/strong><\/p><p><a href=\"https:\/\/drive.google.com\/file\/d\/1PoN4n52if1E3SGqDzgX69G44oS55wQzt\/view?usp=sharing\"><strong>2022-2023<\/strong><\/a><\/p><div><a href=\"https:\/\/drive.google.com\/file\/d\/1YUCfIqkgJtTv5JBEYYG3eC0T6cEEl8-t\/view?usp=drive_link\"><strong>2020-2021<\/strong><\/a><\/div><div>\u00a0<\/div><\/div><\/header><div class=\"entry-content clear\"><div><p><strong><a href=\"\/wp-content\/uploads\/2021\/06\/4o-RELATORIO_ANUAL_2018-2019_TERRITORIOS-DO-PETROLEO_sem-valores.pdf\">2018-2019<\/a><\/strong><\/p><p><a href=\"https:\/\/drive.google.com\/file\/d\/17qO-fiymHj1gso8JpcOVxVjdrVhrwiCN\/view?usp=sharing\"><strong>2017-2018<\/strong><\/a><\/p><p><strong><a href=\"\/wp-content\/uploads\/2021\/06\/2Relat\u251c\u0413\u252c\u2502rioAnual_Territorios-3.pdf\">2015-2016<\/a><\/strong><\/p><\/div><p><a href=\"https:\/\/drive.google.com\/file\/d\/1Rimh_t7eI4wxFkfG_JXcJz5fnV0il1eg\/view?usp=sharing\"><strong>2014-2015<\/strong><\/a><\/p><\/div>\t\t\t\t\t\t<\/div>\n\t\t\t\t<\/div>\n\t\t\t\t\t<\/div>\n\t\t<\/div>\n\t\t\t\t\t\t\t<\/div>\n\t\t<\/section>\n\t\t\t\t<section class=\"has_ma_el_bg_slider elementor-section elementor-top-section elementor-element elementor-element-dfaadab elementor-section-boxed elementor-section-height-default elementor-section-height-default\" data-id=\"dfaadab\" data-element_type=\"section\" data-settings=\"{&quot;shape_divider_top&quot;:&quot;opacity-tilt&quot;}\">\n\t\t\t\t\t<div class=\"elementor-shape elementor-shape-top\" data-negative=\"false\">\n\t\t\t<svg xmlns=\"http:\/\/www.w3.org\/2000\/svg\" viewBox=\"0 0 2600 131.1\" preserveAspectRatio=\"none\">\n\t<path class=\"elementor-shape-fill\" d=\"M0 0L2600 0 2600 69.1 0 0z\"\/>\n\t<path class=\"elementor-shape-fill\" style=\"opacity:0.5\" d=\"M0 0L2600 0 2600 69.1 0 69.1z\"\/>\n\t<path class=\"elementor-shape-fill\" style=\"opacity:0.25\" d=\"M2600 0L0 0 0 130.1 2600 69.1z\"\/>\n<\/svg>\t\t<\/div>\n\t\t\t\t\t<div class=\"elementor-container elementor-column-gap-default\">\n\t\t\t\t\t<div class=\"has_ma_el_bg_slider elementor-column elementor-col-100 elementor-top-column elementor-element elementor-element-24434f9\" data-id=\"24434f9\" data-element_type=\"column\">\n\t\t\t<div class=\"elementor-widget-wrap elementor-element-populated\">\n\t\t\t\t\t\t\t\t<div class=\"elementor-element elementor-element-29204ba elementor-widget elementor-widget-heading\" data-id=\"29204ba\" data-element_type=\"widget\" data-widget_type=\"heading.default\">\n\t\t\t\t<div class=\"elementor-widget-container\">\n\t\t\t<h3 class=\"elementor-heading-title elementor-size-default\">Institui\u00e7\u00f5es respons\u00e1veis<\/h3>\t\t<\/div>\n\t\t\t\t<\/div>\n\t\t\t\t\t<\/div>\n\t\t<\/div>\n\t\t\t\t\t\t\t<\/div>\n\t\t<\/section>\n\t\t\t\t<section class=\"has_ma_el_bg_slider elementor-section elementor-top-section elementor-element elementor-element-49003bd elementor-section-boxed elementor-section-height-default elementor-section-height-default\" data-id=\"49003bd\" data-element_type=\"section\">\n\t\t\t\t\t\t<div class=\"elementor-container elementor-column-gap-default\">\n\t\t\t\t\t<div class=\"has_ma_el_bg_slider elementor-column elementor-col-100 elementor-top-column elementor-element elementor-element-49eaccd\" data-id=\"49eaccd\" data-element_type=\"column\">\n\t\t\t<div class=\"elementor-widget-wrap elementor-element-populated\">\n\t\t\t\t\t\t\t\t<div class=\"elementor-element elementor-element-448f7a8 elementor-widget elementor-widget-image\" data-id=\"448f7a8\" data-element_type=\"widget\" data-widget_type=\"image.default\">\n\t\t\t\t<div class=\"elementor-widget-container\">\n\t\t\t\t\t\t\t\t\t\t\t\t\t\t\t<img width=\"768\" height=\"201\" src=\"https:\/\/territoriosdopetroleo.uenf.br\/wp-content\/uploads\/2021\/05\/Barra-de-assinaturas-2-768x201-1.jpg\" class=\"attachment-large size-large\" alt=\"\" loading=\"lazy\" srcset=\"https:\/\/territoriosdopetroleo.uenf.br\/wp-content\/uploads\/2021\/05\/Barra-de-assinaturas-2-768x201-1.jpg 768w, https:\/\/territoriosdopetroleo.uenf.br\/wp-content\/uploads\/2021\/05\/Barra-de-assinaturas-2-768x201-1-300x79.jpg 300w\" sizes=\"(max-width: 768px) 100vw, 768px\" \/>\t\t\t\t\t\t\t\t\t\t\t\t\t\t\t<\/div>\n\t\t\t\t<\/div>\n\t\t\t\t\t<\/div>\n\t\t<\/div>\n\t\t\t\t\t\t\t<\/div>\n\t\t<\/section>\n\t\t\t\t<section class=\"has_ma_el_bg_slider elementor-section elementor-top-section elementor-element elementor-element-1dc6390 elementor-section-height-min-height elementor-section-boxed elementor-section-height-default elementor-section-items-middle\" data-id=\"1dc6390\" data-element_type=\"section\" data-settings=\"{&quot;background_background&quot;:&quot;classic&quot;}\">\n\t\t\t\t\t\t\t<div class=\"elementor-background-overlay\"><\/div>\n\t\t\t\t\t\t\t<div class=\"elementor-container elementor-column-gap-default\">\n\t\t\t\t\t<div class=\"has_ma_el_bg_slider elementor-column elementor-col-100 elementor-top-column elementor-element elementor-element-93beaef\" data-id=\"93beaef\" data-element_type=\"column\">\n\t\t\t<div class=\"elementor-widget-wrap elementor-element-populated\">\n\t\t\t\t\t\t\t\t<section class=\"has_ma_el_bg_slider elementor-section elementor-inner-section elementor-element elementor-element-6ad6f83 elementor-section-content-top elementor-section-boxed elementor-section-height-default elementor-section-height-default\" data-id=\"6ad6f83\" data-element_type=\"section\">\n\t\t\t\t\t\t<div class=\"elementor-container elementor-column-gap-default\">\n\t\t\t\t\t<div class=\"has_ma_el_bg_slider elementor-column elementor-col-50 elementor-inner-column elementor-element elementor-element-b563715\" data-id=\"b563715\" data-element_type=\"column\">\n\t\t\t<div class=\"elementor-widget-wrap elementor-element-populated\">\n\t\t\t\t\t\t\t\t<div class=\"elementor-element elementor-element-35111df elementor-widget elementor-widget-heading\" data-id=\"35111df\" data-element_type=\"widget\" data-widget_type=\"heading.default\">\n\t\t\t\t<div class=\"elementor-widget-container\">\n\t\t\t<h2 class=\"elementor-heading-title elementor-size-default\">Territ\u00f3rios do Petr\u00f3leo<\/h2>\t\t<\/div>\n\t\t\t\t<\/div>\n\t\t\t\t<div class=\"elementor-element elementor-element-2b8150f elementor-widget elementor-widget-heading\" data-id=\"2b8150f\" data-element_type=\"widget\" data-widget_type=\"heading.default\">\n\t\t\t\t<div class=\"elementor-widget-container\">\n\t\t\t<h4 class=\"elementor-heading-title elementor-size-default\">Rua Marechal Deodoro, 55 \u2013 Centro<br>Campos dos Goytacazes \u2013 RJ\nCEP 28010-280<\/h4>\t\t<\/div>\n\t\t\t\t<\/div>\n\t\t\t\t\t<\/div>\n\t\t<\/div>\n\t\t\t\t<div class=\"has_ma_el_bg_slider elementor-column elementor-col-50 elementor-inner-column elementor-element elementor-element-7c69bd4\" data-id=\"7c69bd4\" data-element_type=\"column\">\n\t\t\t<div class=\"elementor-widget-wrap elementor-element-populated\">\n\t\t\t\t\t\t\t\t<div class=\"elementor-element elementor-element-223409a elementor-widget elementor-widget-text-editor\" data-id=\"223409a\" data-element_type=\"widget\" data-widget_type=\"text-editor.default\">\n\t\t\t\t<div class=\"elementor-widget-container\">\n\t\t\t\t\t\t\t\t<p>O projeto Territ\u00f3rios do Petr\u00f3leo busca disseminar informa\u00e7\u00f5es sobre royalties e participa\u00e7\u00f5es especiais junto \u00e0 popula\u00e7\u00e3o dos dez munic\u00edpios produtores do trecho fluminense da Bacia de Campos \u2014 com prioridade para grupos mais afetados pela ind\u00fastria petrol\u00edfera \u2014, contribuindo assim para o fortalecimento do controle social sobre a aplica\u00e7\u00e3o destes recursos.<\/p>\t\t\t\t\t\t<\/div>\n\t\t\t\t<\/div>\n\t\t\t\t\t<\/div>\n\t\t<\/div>\n\t\t\t\t\t\t\t<\/div>\n\t\t<\/section>\n\t\t\t\t\t<\/div>\n\t\t<\/div>\n\t\t\t\t\t\t\t<\/div>\n\t\t<\/section>\n\t\t\t\t<section class=\"has_ma_el_bg_slider elementor-section elementor-top-section elementor-element elementor-element-5470c8b elementor-section-height-min-height elementor-section-boxed elementor-section-height-default elementor-section-items-middle\" data-id=\"5470c8b\" data-element_type=\"section\" data-settings=\"{&quot;background_background&quot;:&quot;classic&quot;}\">\n\t\t\t\t\t\t\t<div class=\"elementor-background-overlay\"><\/div>\n\t\t\t\t\t\t\t<div class=\"elementor-container elementor-column-gap-default\">\n\t\t\t\t\t<div class=\"has_ma_el_bg_slider elementor-column elementor-col-100 elementor-top-column elementor-element elementor-element-add879d\" data-id=\"add879d\" data-element_type=\"column\">\n\t\t\t<div class=\"elementor-widget-wrap elementor-element-populated\">\n\t\t\t\t\t\t\t\t<div class=\"elementor-element elementor-element-0cccf28 elementor-widget elementor-widget-heading\" data-id=\"0cccf28\" data-element_type=\"widget\" data-widget_type=\"heading.default\">\n\t\t\t\t<div class=\"elementor-widget-container\">\n\t\t\t<h2 class=\"elementor-heading-title elementor-size-default\">Todos os direitos reservados \u00a9 2018<\/h2>\t\t<\/div>\n\t\t\t\t<\/div>\n\t\t\t\t<div class=\"elementor-element elementor-element-108a482 elementor-shape-rounded elementor-grid-0 e-grid-align-center elementor-widget elementor-widget-social-icons\" data-id=\"108a482\" data-element_type=\"widget\" data-widget_type=\"social-icons.default\">\n\t\t\t\t<div class=\"elementor-widget-container\">\n\t\t\t\t\t<div class=\"elementor-social-icons-wrapper elementor-grid\">\n\t\t\t\t\t\t\t<div class=\"elementor-grid-item\">\n\t\t\t\t\t<a class=\"elementor-icon elementor-social-icon elementor-social-icon-facebook elementor-repeater-item-4b8215f\" href=\"https:\/\/m.facebook.com\/profile.php?id=231056880957153\" target=\"_blank\">\n\t\t\t\t\t\t<span class=\"elementor-screen-only\">Facebook<\/span>\n\t\t\t\t\t\t<i class=\"fab fa-facebook\"><\/i>\t\t\t\t\t<\/a>\n\t\t\t\t<\/div>\n\t\t\t\t\t\t\t<div class=\"elementor-grid-item\">\n\t\t\t\t\t<a class=\"elementor-icon elementor-social-icon elementor-social-icon-youtube elementor-repeater-item-e9d2d7d\" href=\"https:\/\/www.youtube.com\/channel\/UCupD3U-d3M0UL3RYFgZoxvw\" target=\"_blank\">\n\t\t\t\t\t\t<span class=\"elementor-screen-only\">Youtube<\/span>\n\t\t\t\t\t\t<i class=\"fab fa-youtube\"><\/i>\t\t\t\t\t<\/a>\n\t\t\t\t<\/div>\n\t\t\t\t\t<\/div>\n\t\t\t\t<\/div>\n\t\t\t\t<\/div>\n\t\t\t\t\t<\/div>\n\t\t<\/div>\n\t\t\t\t\t\t\t<\/div>\n\t\t<\/section>\n\t\t\t\t<section class=\"has_ma_el_bg_slider elementor-section elementor-top-section elementor-element elementor-element-04f92c5 elementor-section-boxed elementor-section-height-default elementor-section-height-default\" data-id=\"04f92c5\" data-element_type=\"section\">\n\t\t\t\t\t\t<div class=\"elementor-container elementor-column-gap-default\">\n\t\t\t\t\t<div class=\"has_ma_el_bg_slider elementor-column elementor-col-100 elementor-top-column elementor-element elementor-element-435e042\" data-id=\"435e042\" data-element_type=\"column\">\n\t\t\t<div class=\"elementor-widget-wrap\">\n\t\t\t\t\t\t\t\t\t<\/div>\n\t\t<\/div>\n\t\t\t\t\t\t\t<\/div>\n\t\t<\/section>\n\t\t\t\t\t\t<\/div>\n\t\t\t\t\t<\/div>\n\t\t","protected":false},"excerpt":{"rendered":"<p>Relat\u00f3rios Consulte os relat\u00f3rios anuais de atividade do projeto \u201cTerrit\u00f3rios do Petr\u00f3leo: royalties\u00a0e vig\u00edlia cidad\u00e3 na Bacia de Campos\u201d 2022-2023 2020-2021\u00a0 2018-2019 2017-2018 2015-2016 2014-2015 Institui\u00e7\u00f5es respons\u00e1veis Territ\u00f3rios do Petr\u00f3leo [&hellip;]<\/p>\n","protected":false},"author":1,"featured_media":0,"parent":0,"menu_order":0,"comment_status":"closed","ping_status":"closed","template":"elementor_canvas","meta":{"om_disable_all_campaigns":false},"_links":{"self":[{"href":"https:\/\/territoriosdopetroleo.uenf.br\/index.php\/wp-json\/wp\/v2\/pages\/447"}],"collection":[{"href":"https:\/\/territoriosdopetroleo.uenf.br\/index.php\/wp-json\/wp\/v2\/pages"}],"about":[{"href":"https:\/\/territoriosdopetroleo.uenf.br\/index.php\/wp-json\/wp\/v2\/types\/page"}],"author":[{"embeddable":true,"href":"https:\/\/territoriosdopetroleo.uenf.br\/index.php\/wp-json\/wp\/v2\/users\/1"}],"replies":[{"embeddable":true,"href":"https:\/\/territoriosdopetroleo.uenf.br\/index.php\/wp-json\/wp\/v2\/comments?post=447"}],"version-history":[{"count":58,"href":"https:\/\/territoriosdopetroleo.uenf.br\/index.php\/wp-json\/wp\/v2\/pages\/447\/revisions"}],"predecessor-version":[{"id":4129,"href":"https:\/\/territoriosdopetroleo.uenf.br\/index.php\/wp-json\/wp\/v2\/pages\/447\/revisions\/4129"}],"wp:attachment":[{"href":"https:\/\/territoriosdopetroleo.uenf.br\/index.php\/wp-json\/wp\/v2\/media?parent=447"}],"curies":[{"name":"wp","href":"https:\/\/api.w.org\/{rel}","templated":true}]}}