{"id":2789,"date":"2022-11-01T13:53:41","date_gmt":"2022-11-01T16:53:41","guid":{"rendered":"https:\/\/territoriosdopetroleo.eco.br\/?page_id=2789"},"modified":"2023-11-07T14:59:14","modified_gmt":"2023-11-07T17:59:14","slug":"territorios-em-revista","status":"publish","type":"page","link":"https:\/\/territoriosdopetroleo.uenf.br\/index.php\/territorios-em-revista\/","title":{"rendered":"Territ\u00f3rios em Revista"},"content":{"rendered":"\t\t<div data-elementor-type=\"wp-page\" data-elementor-id=\"2789\" class=\"elementor elementor-2789\" data-elementor-settings=\"[]\">\n\t\t\t\t\t\t\t<div class=\"elementor-section-wrap\">\n\t\t\t\t\t\t\t<section class=\"has_ma_el_bg_slider elementor-section elementor-top-section elementor-element elementor-element-d9335e9 elementor-section-boxed elementor-section-height-default elementor-section-height-default\" data-id=\"d9335e9\" data-element_type=\"section\">\n\t\t\t\t\t\t<div class=\"elementor-container elementor-column-gap-default\">\n\t\t\t\t\t<div class=\"has_ma_el_bg_slider elementor-column elementor-col-100 elementor-top-column elementor-element elementor-element-b94d8c9\" data-id=\"b94d8c9\" data-element_type=\"column\">\n\t\t\t<div class=\"elementor-widget-wrap elementor-element-populated\">\n\t\t\t\t\t\t\t\t<div class=\"elementor-element elementor-element-646d0c0 elementor-widget elementor-widget-text-editor\" data-id=\"646d0c0\" data-element_type=\"widget\" data-widget_type=\"text-editor.default\">\n\t\t\t\t<div class=\"elementor-widget-container\">\n\t\t\t\t\t\t\t\t<p>O Boletim &#8220;Territ\u00f3rios em Revista&#8221; \u00e9 uma publica\u00e7\u00e3o que traz informa\u00e7\u00f5es anuais sobre a Fase III do PEA-TP, informando o que j\u00e1 foi feito nas \u00e1reas de forma\u00e7\u00e3o e incid\u00eancia pol\u00edtica no projeto.<\/p>\t\t\t\t\t\t<\/div>\n\t\t\t\t<\/div>\n\t\t\t\t\t<\/div>\n\t\t<\/div>\n\t\t\t\t\t\t\t<\/div>\n\t\t<\/section>\n\t\t\t\t<section class=\"has_ma_el_bg_slider elementor-section elementor-top-section elementor-element elementor-element-c8f44cc elementor-section-boxed elementor-section-height-default elementor-section-height-default\" data-id=\"c8f44cc\" data-element_type=\"section\">\n\t\t\t\t\t\t<div class=\"elementor-container elementor-column-gap-default\">\n\t\t\t\t\t<div class=\"has_ma_el_bg_slider elementor-column elementor-col-33 elementor-top-column elementor-element elementor-element-594eebe\" data-id=\"594eebe\" data-element_type=\"column\">\n\t\t\t<div class=\"elementor-widget-wrap elementor-element-populated\">\n\t\t\t\t\t\t\t\t<div class=\"elementor-element elementor-element-978887e elementor-widget elementor-widget-image\" data-id=\"978887e\" data-element_type=\"widget\" data-widget_type=\"image.default\">\n\t\t\t\t<div class=\"elementor-widget-container\">\n\t\t\t\t\t\t\t\t\t\t\t\t\t\t\t\t<a href=\"https:\/\/heyzine.com\/flip-book\/ca1f9903e3.html\">\n\t\t\t\t\t\t\t<img width=\"1024\" height=\"768\" src=\"https:\/\/territoriosdopetroleo.uenf.br\/wp-content\/uploads\/2022\/11\/3-1024x768.jpg\" class=\"attachment-large size-large\" alt=\"\" loading=\"lazy\" srcset=\"https:\/\/territoriosdopetroleo.uenf.br\/wp-content\/uploads\/2022\/11\/3-1024x768.jpg 1024w, https:\/\/territoriosdopetroleo.uenf.br\/wp-content\/uploads\/2022\/11\/3-300x225.jpg 300w, https:\/\/territoriosdopetroleo.uenf.br\/wp-content\/uploads\/2022\/11\/3-768x576.jpg 768w, https:\/\/territoriosdopetroleo.uenf.br\/wp-content\/uploads\/2022\/11\/3-1536x1152.jpg 1536w, https:\/\/territoriosdopetroleo.uenf.br\/wp-content\/uploads\/2022\/11\/3-2048x1536.jpg 2048w\" sizes=\"(max-width: 1024px) 100vw, 1024px\" \/>\t\t\t\t\t\t\t\t<\/a>\n\t\t\t\t\t\t\t\t\t\t\t\t\t\t\t<\/div>\n\t\t\t\t<\/div>\n\t\t\t\t<div class=\"elementor-element elementor-element-e85656a elementor-widget elementor-widget-heading\" data-id=\"e85656a\" data-element_type=\"widget\" data-widget_type=\"heading.default\">\n\t\t\t\t<div class=\"elementor-widget-container\">\n\t\t\t<h2 class=\"elementor-heading-title elementor-size-default\"><a href=\"https:\/\/heyzine.com\/flip-book\/ca1f9903e3.html\">1\u00aa Edi\u00e7\u00e3o - 2021<\/a><\/h2>\t\t<\/div>\n\t\t\t\t<\/div>\n\t\t\t\t\t<\/div>\n\t\t<\/div>\n\t\t\t\t<div class=\"has_ma_el_bg_slider elementor-column elementor-col-33 elementor-top-column elementor-element elementor-element-a3a6ba6\" data-id=\"a3a6ba6\" data-element_type=\"column\">\n\t\t\t<div class=\"elementor-widget-wrap elementor-element-populated\">\n\t\t\t\t\t\t\t\t<div class=\"elementor-element elementor-element-2da5cf1 elementor-widget elementor-widget-image\" data-id=\"2da5cf1\" data-element_type=\"widget\" data-widget_type=\"image.default\">\n\t\t\t\t<div class=\"elementor-widget-container\">\n\t\t\t\t\t\t\t\t\t\t\t\t\t\t\t\t<a href=\"https:\/\/heyzine.com\/flip-book\/5d08abb7b4.html\">\n\t\t\t\t\t\t\t<img width=\"1024\" height=\"768\" src=\"https:\/\/territoriosdopetroleo.uenf.br\/wp-content\/uploads\/2022\/11\/4-1024x768.jpg\" class=\"attachment-large size-large\" alt=\"\" loading=\"lazy\" srcset=\"https:\/\/territoriosdopetroleo.uenf.br\/wp-content\/uploads\/2022\/11\/4-1024x768.jpg 1024w, https:\/\/territoriosdopetroleo.uenf.br\/wp-content\/uploads\/2022\/11\/4-300x225.jpg 300w, https:\/\/territoriosdopetroleo.uenf.br\/wp-content\/uploads\/2022\/11\/4-768x576.jpg 768w, https:\/\/territoriosdopetroleo.uenf.br\/wp-content\/uploads\/2022\/11\/4-1536x1152.jpg 1536w, https:\/\/territoriosdopetroleo.uenf.br\/wp-content\/uploads\/2022\/11\/4-2048x1536.jpg 2048w\" sizes=\"(max-width: 1024px) 100vw, 1024px\" \/>\t\t\t\t\t\t\t\t<\/a>\n\t\t\t\t\t\t\t\t\t\t\t\t\t\t\t<\/div>\n\t\t\t\t<\/div>\n\t\t\t\t<div class=\"elementor-element elementor-element-dcb4703 elementor-widget elementor-widget-heading\" data-id=\"dcb4703\" data-element_type=\"widget\" data-widget_type=\"heading.default\">\n\t\t\t\t<div class=\"elementor-widget-container\">\n\t\t\t<h2 class=\"elementor-heading-title elementor-size-default\"><a href=\"https:\/\/heyzine.com\/flip-book\/5d08abb7b4.html\">2\u00aa Edi\u00e7\u00e3o - 2022<\/a><\/h2>\t\t<\/div>\n\t\t\t\t<\/div>\n\t\t\t\t\t<\/div>\n\t\t<\/div>\n\t\t\t\t<div class=\"has_ma_el_bg_slider elementor-column elementor-col-33 elementor-top-column elementor-element elementor-element-d368861\" data-id=\"d368861\" data-element_type=\"column\">\n\t\t\t<div class=\"elementor-widget-wrap elementor-element-populated\">\n\t\t\t\t\t\t\t\t<div class=\"elementor-element elementor-element-0ce92ec elementor-widget elementor-widget-image\" data-id=\"0ce92ec\" data-element_type=\"widget\" data-widget_type=\"image.default\">\n\t\t\t\t<div class=\"elementor-widget-container\">\n\t\t\t\t\t\t\t\t\t\t\t\t\t\t\t\t<a href=\"https:\/\/heyzine.com\/flip-book\/142716a6d0.html\">\n\t\t\t\t\t\t\t<img width=\"1024\" height=\"837\" src=\"https:\/\/territoriosdopetroleo.uenf.br\/wp-content\/uploads\/2023\/10\/TerritoriosEmRevistaMockup-1024x837.png\" class=\"attachment-large size-large\" alt=\"\" loading=\"lazy\" srcset=\"https:\/\/territoriosdopetroleo.uenf.br\/wp-content\/uploads\/2023\/10\/TerritoriosEmRevistaMockup-1024x837.png 1024w, https:\/\/territoriosdopetroleo.uenf.br\/wp-content\/uploads\/2023\/10\/TerritoriosEmRevistaMockup-300x245.png 300w, https:\/\/territoriosdopetroleo.uenf.br\/wp-content\/uploads\/2023\/10\/TerritoriosEmRevistaMockup-768x628.png 768w, https:\/\/territoriosdopetroleo.uenf.br\/wp-content\/uploads\/2023\/10\/TerritoriosEmRevistaMockup-1536x1255.png 1536w, https:\/\/territoriosdopetroleo.uenf.br\/wp-content\/uploads\/2023\/10\/TerritoriosEmRevistaMockup-2048x1674.png 2048w\" sizes=\"(max-width: 1024px) 100vw, 1024px\" \/>\t\t\t\t\t\t\t\t<\/a>\n\t\t\t\t\t\t\t\t\t\t\t\t\t\t\t<\/div>\n\t\t\t\t<\/div>\n\t\t\t\t<div class=\"elementor-element elementor-element-ff4c704 elementor-widget elementor-widget-heading\" data-id=\"ff4c704\" data-element_type=\"widget\" data-widget_type=\"heading.default\">\n\t\t\t\t<div class=\"elementor-widget-container\">\n\t\t\t<h2 class=\"elementor-heading-title elementor-size-default\"><a href=\"https:\/\/heyzine.com\/flip-book\/142716a6d0.html\">3\u00aa Edi\u00e7\u00e3o - 2023<\/a><\/h2>\t\t<\/div>\n\t\t\t\t<\/div>\n\t\t\t\t\t<\/div>\n\t\t<\/div>\n\t\t\t\t\t\t\t<\/div>\n\t\t<\/section>\n\t\t\t\t\t\t<\/div>\n\t\t\t\t\t<\/div>\n\t\t","protected":false},"excerpt":{"rendered":"<p>O Boletim &#8220;Territ\u00f3rios em Revista&#8221; \u00e9 uma publica\u00e7\u00e3o que traz informa\u00e7\u00f5es anuais sobre a Fase III do PEA-TP, informando o que j\u00e1 foi feito nas \u00e1reas de forma\u00e7\u00e3o e incid\u00eancia [&hellip;]<\/p>\n","protected":false},"author":21,"featured_media":0,"parent":0,"menu_order":0,"comment_status":"closed","ping_status":"closed","template":"","meta":{"om_disable_all_campaigns":false},"_links":{"self":[{"href":"https:\/\/territoriosdopetroleo.uenf.br\/index.php\/wp-json\/wp\/v2\/pages\/2789"}],"collection":[{"href":"https:\/\/territoriosdopetroleo.uenf.br\/index.php\/wp-json\/wp\/v2\/pages"}],"about":[{"href":"https:\/\/territoriosdopetroleo.uenf.br\/index.php\/wp-json\/wp\/v2\/types\/page"}],"author":[{"embeddable":true,"href":"https:\/\/territoriosdopetroleo.uenf.br\/index.php\/wp-json\/wp\/v2\/users\/21"}],"replies":[{"embeddable":true,"href":"https:\/\/territoriosdopetroleo.uenf.br\/index.php\/wp-json\/wp\/v2\/comments?post=2789"}],"version-history":[{"count":31,"href":"https:\/\/territoriosdopetroleo.uenf.br\/index.php\/wp-json\/wp\/v2\/pages\/2789\/revisions"}],"predecessor-version":[{"id":3490,"href":"https:\/\/territoriosdopetroleo.uenf.br\/index.php\/wp-json\/wp\/v2\/pages\/2789\/revisions\/3490"}],"wp:attachment":[{"href":"https:\/\/territoriosdopetroleo.uenf.br\/index.php\/wp-json\/wp\/v2\/media?parent=2789"}],"curies":[{"name":"wp","href":"https:\/\/api.w.org\/{rel}","templated":true}]}}