{"id":2157,"date":"2021-10-21T13:47:42","date_gmt":"2021-10-21T16:47:42","guid":{"rendered":"http:\/\/territoriosdopetroleo.eco.br\/?page_id=2157"},"modified":"2021-10-21T14:17:00","modified_gmt":"2021-10-21T17:17:00","slug":"cine-vigilia-cidada","status":"publish","type":"page","link":"https:\/\/territoriosdopetroleo.uenf.br\/index.php\/cine-vigilia-cidada\/","title":{"rendered":"Cine Vig\u00edlia em A\u00e7\u00e3o"},"content":{"rendered":"\t\t<div data-elementor-type=\"wp-page\" data-elementor-id=\"2157\" class=\"elementor elementor-2157\" data-elementor-settings=\"[]\">\n\t\t\t\t\t\t\t<div class=\"elementor-section-wrap\">\n\t\t\t\t\t\t\t<section class=\"has_ma_el_bg_slider elementor-section elementor-top-section elementor-element elementor-element-5e4814a elementor-section-boxed elementor-section-height-default elementor-section-height-default\" data-id=\"5e4814a\" data-element_type=\"section\">\n\t\t\t\t\t\t<div class=\"elementor-container elementor-column-gap-default\">\n\t\t\t\t\t<div class=\"has_ma_el_bg_slider elementor-column elementor-col-100 elementor-top-column elementor-element elementor-element-1abe203\" data-id=\"1abe203\" data-element_type=\"column\">\n\t\t\t<div class=\"elementor-widget-wrap elementor-element-populated\">\n\t\t\t\t\t\t\t\t<div class=\"elementor-element elementor-element-7a41a87 elementor-widget elementor-widget-image\" data-id=\"7a41a87\" data-element_type=\"widget\" data-widget_type=\"image.default\">\n\t\t\t\t<div class=\"elementor-widget-container\">\n\t\t\t\t\t\t\t\t\t\t\t\t\t\t\t<img width=\"1024\" height=\"279\" src=\"https:\/\/territoriosdopetroleo.uenf.br\/wp-content\/uploads\/2021\/10\/Cine-vigilia-em-acao-1024x279.gif\" class=\"attachment-large size-large\" alt=\"\" loading=\"lazy\" srcset=\"https:\/\/territoriosdopetroleo.uenf.br\/wp-content\/uploads\/2021\/10\/Cine-vigilia-em-acao-1024x279.gif 1024w, https:\/\/territoriosdopetroleo.uenf.br\/wp-content\/uploads\/2021\/10\/Cine-vigilia-em-acao-300x82.gif 300w, https:\/\/territoriosdopetroleo.uenf.br\/wp-content\/uploads\/2021\/10\/Cine-vigilia-em-acao-768x209.gif 768w, https:\/\/territoriosdopetroleo.uenf.br\/wp-content\/uploads\/2021\/10\/Cine-vigilia-em-acao-1536x418.gif 1536w, https:\/\/territoriosdopetroleo.uenf.br\/wp-content\/uploads\/2021\/10\/Cine-vigilia-em-acao-2048x557.gif 2048w\" sizes=\"(max-width: 1024px) 100vw, 1024px\" \/>\t\t\t\t\t\t\t\t\t\t\t\t\t\t\t<\/div>\n\t\t\t\t<\/div>\n\t\t\t\t\t<\/div>\n\t\t<\/div>\n\t\t\t\t\t\t\t<\/div>\n\t\t<\/section>\n\t\t\t\t<section class=\"has_ma_el_bg_slider elementor-section elementor-top-section elementor-element elementor-element-c984222 elementor-section-boxed elementor-section-height-default elementor-section-height-default\" data-id=\"c984222\" data-element_type=\"section\">\n\t\t\t\t\t\t<div class=\"elementor-container elementor-column-gap-default\">\n\t\t\t\t\t<div class=\"has_ma_el_bg_slider elementor-column elementor-col-100 elementor-top-column elementor-element elementor-element-b75af98\" data-id=\"b75af98\" data-element_type=\"column\">\n\t\t\t<div class=\"elementor-widget-wrap elementor-element-populated\">\n\t\t\t\t\t\t\t\t<div class=\"elementor-element elementor-element-5a61d04 elementor-widget elementor-widget-spacer\" data-id=\"5a61d04\" data-element_type=\"widget\" data-widget_type=\"spacer.default\">\n\t\t\t\t<div class=\"elementor-widget-container\">\n\t\t\t\t\t<div class=\"elementor-spacer\">\n\t\t\t<div class=\"elementor-spacer-inner\"><\/div>\n\t\t<\/div>\n\t\t\t\t<\/div>\n\t\t\t\t<\/div>\n\t\t\t\t\t<\/div>\n\t\t<\/div>\n\t\t\t\t\t\t\t<\/div>\n\t\t<\/section>\n\t\t\t\t<section class=\"has_ma_el_bg_slider elementor-section elementor-top-section elementor-element elementor-element-d8055e1 elementor-section-boxed elementor-section-height-default elementor-section-height-default\" data-id=\"d8055e1\" data-element_type=\"section\">\n\t\t\t\t\t\t<div class=\"elementor-container elementor-column-gap-default\">\n\t\t\t\t\t<div class=\"has_ma_el_bg_slider elementor-column elementor-col-50 elementor-top-column elementor-element elementor-element-14bb818\" data-id=\"14bb818\" data-element_type=\"column\">\n\t\t\t<div class=\"elementor-widget-wrap elementor-element-populated\">\n\t\t\t\t\t\t\t\t<div class=\"elementor-element elementor-element-37f90fb elementor-widget elementor-widget-wp-widget-ocean_video\" data-id=\"37f90fb\" data-element_type=\"widget\" data-widget_type=\"wp-widget-ocean_video.default\">\n\t\t\t\t<div class=\"elementor-widget-container\">\n\t\t\t<p class=\"responsive-video-wrap clr\"><iframe loading=\"lazy\" title=\"Cine Vig\u00edlia em A\u00e7\u00e3o - Parte 1\" width=\"270\" height=\"152\" src=\"https:\/\/www.youtube.com\/embed\/8SeeCokuQgY?feature=oembed\" frameborder=\"0\" allow=\"accelerometer; autoplay; clipboard-write; encrypted-media; gyroscope; picture-in-picture; web-share\" referrerpolicy=\"strict-origin-when-cross-origin\" allowfullscreen><\/iframe><\/p>\t\t<\/div>\n\t\t\t\t<\/div>\n\t\t\t\t<div class=\"elementor-element elementor-element-59226d6 elementor-widget elementor-widget-heading\" data-id=\"59226d6\" data-element_type=\"widget\" data-widget_type=\"heading.default\">\n\t\t\t\t<div class=\"elementor-widget-container\">\n\t\t\t<h2 class=\"elementor-heading-title elementor-size-default\">Arma\u00e7\u00e3o dos B\u00fazios, Cabo Frio e Maca\u00e9<\/h2>\t\t<\/div>\n\t\t\t\t<\/div>\n\t\t\t\t\t<\/div>\n\t\t<\/div>\n\t\t\t\t<div class=\"has_ma_el_bg_slider elementor-column elementor-col-50 elementor-top-column elementor-element elementor-element-fe90846\" data-id=\"fe90846\" data-element_type=\"column\">\n\t\t\t<div class=\"elementor-widget-wrap elementor-element-populated\">\n\t\t\t\t\t\t\t\t<div class=\"elementor-element elementor-element-6629e00 elementor-widget elementor-widget-wp-widget-ocean_video\" data-id=\"6629e00\" data-element_type=\"widget\" data-widget_type=\"wp-widget-ocean_video.default\">\n\t\t\t\t<div class=\"elementor-widget-container\">\n\t\t\t<p class=\"responsive-video-wrap clr\"><iframe loading=\"lazy\" title=\"Cine Vig\u00edlia em A\u00e7\u00e3o - Parte 2\" width=\"270\" height=\"152\" src=\"https:\/\/www.youtube.com\/embed\/NuyMo-pkSIA?feature=oembed\" frameborder=\"0\" allow=\"accelerometer; autoplay; clipboard-write; encrypted-media; gyroscope; picture-in-picture; web-share\" referrerpolicy=\"strict-origin-when-cross-origin\" allowfullscreen><\/iframe><\/p>\t\t<\/div>\n\t\t\t\t<\/div>\n\t\t\t\t<div class=\"elementor-element elementor-element-c0c94bb elementor-widget elementor-widget-heading\" data-id=\"c0c94bb\" data-element_type=\"widget\" data-widget_type=\"heading.default\">\n\t\t\t\t<div class=\"elementor-widget-container\">\n\t\t\t<h2 class=\"elementor-heading-title elementor-size-default\">Campos dos Goytacazes e Carapebus<\/h2>\t\t<\/div>\n\t\t\t\t<\/div>\n\t\t\t\t\t<\/div>\n\t\t<\/div>\n\t\t\t\t\t\t\t<\/div>\n\t\t<\/section>\n\t\t\t\t<section class=\"has_ma_el_bg_slider elementor-section elementor-top-section elementor-element elementor-element-1433396 elementor-section-boxed elementor-section-height-default elementor-section-height-default\" data-id=\"1433396\" data-element_type=\"section\">\n\t\t\t\t\t\t<div class=\"elementor-container elementor-column-gap-default\">\n\t\t\t\t\t<div class=\"has_ma_el_bg_slider elementor-column elementor-col-100 elementor-top-column elementor-element elementor-element-b6e59ac\" data-id=\"b6e59ac\" data-element_type=\"column\">\n\t\t\t<div class=\"elementor-widget-wrap elementor-element-populated\">\n\t\t\t\t\t\t\t\t<div class=\"elementor-element elementor-element-6ec5bb9 elementor-widget elementor-widget-spacer\" data-id=\"6ec5bb9\" data-element_type=\"widget\" data-widget_type=\"spacer.default\">\n\t\t\t\t<div class=\"elementor-widget-container\">\n\t\t\t\t\t<div class=\"elementor-spacer\">\n\t\t\t<div class=\"elementor-spacer-inner\"><\/div>\n\t\t<\/div>\n\t\t\t\t<\/div>\n\t\t\t\t<\/div>\n\t\t\t\t\t<\/div>\n\t\t<\/div>\n\t\t\t\t\t\t\t<\/div>\n\t\t<\/section>\n\t\t\t\t<section class=\"has_ma_el_bg_slider elementor-section elementor-top-section elementor-element elementor-element-b47d64d elementor-section-boxed elementor-section-height-default elementor-section-height-default\" data-id=\"b47d64d\" data-element_type=\"section\">\n\t\t\t\t\t\t<div class=\"elementor-container elementor-column-gap-default\">\n\t\t\t\t\t<div class=\"has_ma_el_bg_slider elementor-column elementor-col-50 elementor-top-column elementor-element elementor-element-ccab722\" data-id=\"ccab722\" data-element_type=\"column\">\n\t\t\t<div class=\"elementor-widget-wrap elementor-element-populated\">\n\t\t\t\t\t\t\t\t<div class=\"elementor-element elementor-element-b32c6c5 elementor-widget elementor-widget-wp-widget-ocean_video\" data-id=\"b32c6c5\" data-element_type=\"widget\" data-widget_type=\"wp-widget-ocean_video.default\">\n\t\t\t\t<div class=\"elementor-widget-container\">\n\t\t\t<p class=\"responsive-video-wrap clr\"><iframe loading=\"lazy\" title=\"Cine Vig\u00edlia em A\u00e7\u00e3o - Parte 3\" width=\"270\" height=\"152\" src=\"https:\/\/www.youtube.com\/embed\/LHab_48zUHo?feature=oembed\" frameborder=\"0\" allow=\"accelerometer; autoplay; clipboard-write; encrypted-media; gyroscope; picture-in-picture; web-share\" referrerpolicy=\"strict-origin-when-cross-origin\" allowfullscreen><\/iframe><\/p>\t\t<\/div>\n\t\t\t\t<\/div>\n\t\t\t\t<div class=\"elementor-element elementor-element-93682ce elementor-widget elementor-widget-heading\" data-id=\"93682ce\" data-element_type=\"widget\" data-widget_type=\"heading.default\">\n\t\t\t\t<div class=\"elementor-widget-container\">\n\t\t\t<h2 class=\"elementor-heading-title elementor-size-default\">Arraial do Cabo, Rio das Ostras e S\u00e3o Jo\u00e3o da Barra<\/h2>\t\t<\/div>\n\t\t\t\t<\/div>\n\t\t\t\t\t<\/div>\n\t\t<\/div>\n\t\t\t\t<div class=\"has_ma_el_bg_slider elementor-column elementor-col-50 elementor-top-column elementor-element elementor-element-516ac65\" data-id=\"516ac65\" data-element_type=\"column\">\n\t\t\t<div class=\"elementor-widget-wrap elementor-element-populated\">\n\t\t\t\t\t\t\t\t<div class=\"elementor-element elementor-element-06f4da4 elementor-widget elementor-widget-wp-widget-ocean_video\" data-id=\"06f4da4\" data-element_type=\"widget\" data-widget_type=\"wp-widget-ocean_video.default\">\n\t\t\t\t<div class=\"elementor-widget-container\">\n\t\t\t<p class=\"responsive-video-wrap clr\"><iframe loading=\"lazy\" title=\"Cine Vig\u00edlia em A\u00e7\u00e3o - Parte 4\" width=\"270\" height=\"152\" src=\"https:\/\/www.youtube.com\/embed\/HIGZL3N1lzk?feature=oembed\" frameborder=\"0\" allow=\"accelerometer; autoplay; clipboard-write; encrypted-media; gyroscope; picture-in-picture; web-share\" referrerpolicy=\"strict-origin-when-cross-origin\" allowfullscreen><\/iframe><\/p>\t\t<\/div>\n\t\t\t\t<\/div>\n\t\t\t\t<div class=\"elementor-element elementor-element-917cc20 elementor-widget elementor-widget-heading\" data-id=\"917cc20\" data-element_type=\"widget\" data-widget_type=\"heading.default\">\n\t\t\t\t<div class=\"elementor-widget-container\">\n\t\t\t<h2 class=\"elementor-heading-title elementor-size-default\">Casimiro de Abreu e Quissam\u00e3<\/h2>\t\t<\/div>\n\t\t\t\t<\/div>\n\t\t\t\t\t<\/div>\n\t\t<\/div>\n\t\t\t\t\t\t\t<\/div>\n\t\t<\/section>\n\t\t\t\t\t\t<\/div>\n\t\t\t\t\t<\/div>\n\t\t","protected":false},"excerpt":{"rendered":"<p>Arma\u00e7\u00e3o dos B\u00fazios, Cabo Frio e Maca\u00e9 Campos dos Goytacazes e Carapebus Arraial do Cabo, Rio das Ostras e S\u00e3o Jo\u00e3o da Barra Casimiro de Abreu e Quissam\u00e3<\/p>\n","protected":false},"author":16,"featured_media":0,"parent":0,"menu_order":0,"comment_status":"closed","ping_status":"closed","template":"","meta":{"om_disable_all_campaigns":false},"_links":{"self":[{"href":"https:\/\/territoriosdopetroleo.uenf.br\/index.php\/wp-json\/wp\/v2\/pages\/2157"}],"collection":[{"href":"https:\/\/territoriosdopetroleo.uenf.br\/index.php\/wp-json\/wp\/v2\/pages"}],"about":[{"href":"https:\/\/territoriosdopetroleo.uenf.br\/index.php\/wp-json\/wp\/v2\/types\/page"}],"author":[{"embeddable":true,"href":"https:\/\/territoriosdopetroleo.uenf.br\/index.php\/wp-json\/wp\/v2\/users\/16"}],"replies":[{"embeddable":true,"href":"https:\/\/territoriosdopetroleo.uenf.br\/index.php\/wp-json\/wp\/v2\/comments?post=2157"}],"version-history":[{"count":8,"href":"https:\/\/territoriosdopetroleo.uenf.br\/index.php\/wp-json\/wp\/v2\/pages\/2157\/revisions"}],"predecessor-version":[{"id":2168,"href":"https:\/\/territoriosdopetroleo.uenf.br\/index.php\/wp-json\/wp\/v2\/pages\/2157\/revisions\/2168"}],"wp:attachment":[{"href":"https:\/\/territoriosdopetroleo.uenf.br\/index.php\/wp-json\/wp\/v2\/media?parent=2157"}],"curies":[{"name":"wp","href":"https:\/\/api.w.org\/{rel}","templated":true}]}}