{"id":2125,"date":"2021-10-01T17:20:29","date_gmt":"2021-10-01T20:20:29","guid":{"rendered":"https:\/\/territoriosdopetroleo.eco.br\/?page_id=2125"},"modified":"2021-10-01T17:24:06","modified_gmt":"2021-10-01T20:24:06","slug":"resumos-publicados-em-anais-de-eventos","status":"publish","type":"page","link":"https:\/\/territoriosdopetroleo.uenf.br\/index.php\/resumos-publicados-em-anais-de-eventos\/","title":{"rendered":"Resumos publicados em anais de eventos"},"content":{"rendered":"\t\t<div data-elementor-type=\"wp-page\" data-elementor-id=\"2125\" class=\"elementor elementor-2125\" data-elementor-settings=\"[]\">\n\t\t\t\t\t\t\t<div class=\"elementor-section-wrap\">\n\t\t\t\t\t\t\t<section class=\"has_ma_el_bg_slider elementor-section elementor-top-section elementor-element elementor-element-c955404 elementor-section-boxed elementor-section-height-default elementor-section-height-default\" data-id=\"c955404\" data-element_type=\"section\">\n\t\t\t\t\t\t<div class=\"elementor-container elementor-column-gap-default\">\n\t\t\t\t\t<div class=\"has_ma_el_bg_slider elementor-column elementor-col-100 elementor-top-column elementor-element elementor-element-4061e7d\" data-id=\"4061e7d\" data-element_type=\"column\">\n\t\t\t<div class=\"elementor-widget-wrap elementor-element-populated\">\n\t\t\t\t\t\t\t\t<div class=\"elementor-element elementor-element-28cd3d4 elementor-widget elementor-widget-spacer\" data-id=\"28cd3d4\" data-element_type=\"widget\" data-widget_type=\"spacer.default\">\n\t\t\t\t<div class=\"elementor-widget-container\">\n\t\t\t\t\t<div class=\"elementor-spacer\">\n\t\t\t<div class=\"elementor-spacer-inner\"><\/div>\n\t\t<\/div>\n\t\t\t\t<\/div>\n\t\t\t\t<\/div>\n\t\t\t\t\t<\/div>\n\t\t<\/div>\n\t\t\t\t\t\t\t<\/div>\n\t\t<\/section>\n\t\t\t\t<section class=\"has_ma_el_bg_slider elementor-section elementor-top-section elementor-element elementor-element-5d5d7a6 elementor-section-boxed elementor-section-height-default elementor-section-height-default\" data-id=\"5d5d7a6\" data-element_type=\"section\">\n\t\t\t\t\t\t<div class=\"elementor-container elementor-column-gap-default\">\n\t\t\t\t\t<div class=\"has_ma_el_bg_slider elementor-column elementor-col-50 elementor-top-column elementor-element elementor-element-b944e59\" data-id=\"b944e59\" data-element_type=\"column\">\n\t\t\t<div class=\"elementor-widget-wrap elementor-element-populated\">\n\t\t\t\t\t\t\t\t<div class=\"elementor-element elementor-element-6c8569f elementor-widget elementor-widget-button\" data-id=\"6c8569f\" data-element_type=\"widget\" data-widget_type=\"button.default\">\n\t\t\t\t<div class=\"elementor-widget-container\">\n\t\t\t\t\t<div class=\"elementor-button-wrapper\">\n\t\t\t<a href=\"https:\/\/drive.google.com\/file\/d\/1gZDQLR86GrPc7b2--_sW7y10tUnxRu8e\/view?usp=sharing\" class=\"elementor-button-link elementor-button elementor-size-sm\" role=\"button\">\n\t\t\t\t\t\t<span class=\"elementor-button-content-wrapper\">\n\t\t\t\t\t\t<span class=\"elementor-button-text\">Pesquisa de Uso do Tempo das Mulheres da A\u00e7\u00e3o Educativa do PEA\u00ad Territ\u00f3rios do Petr\u00f3leo:A  experi\u00eancia no Munic\u00edpio de Carapebus<\/span>\n\t\t<\/span>\n\t\t\t\t\t<\/a>\n\t\t<\/div>\n\t\t\t\t<\/div>\n\t\t\t\t<\/div>\n\t\t\t\t\t<\/div>\n\t\t<\/div>\n\t\t\t\t<div class=\"has_ma_el_bg_slider elementor-column elementor-col-50 elementor-top-column elementor-element elementor-element-2e12c99\" data-id=\"2e12c99\" data-element_type=\"column\">\n\t\t\t<div class=\"elementor-widget-wrap elementor-element-populated\">\n\t\t\t\t\t\t\t\t<div class=\"elementor-element elementor-element-215d0ac elementor-widget elementor-widget-button\" data-id=\"215d0ac\" data-element_type=\"widget\" data-widget_type=\"button.default\">\n\t\t\t\t<div class=\"elementor-widget-container\">\n\t\t\t\t\t<div class=\"elementor-button-wrapper\">\n\t\t\t<a href=\"https:\/\/drive.google.com\/file\/d\/1WyURiDwHM9_-p5o1448S5vw97dl0SUQA\/view?usp=sharing\" class=\"elementor-button-link elementor-button elementor-size-sm\" role=\"button\">\n\t\t\t\t\t\t<span class=\"elementor-button-content-wrapper\">\n\t\t\t\t\t\t<span class=\"elementor-button-text\">Novas Tecnologias da Informa\u00e7\u00e3o e da Comunica\u00e7\u00e3o (NTIC) e educa\u00e7\u00e3o popular: reflex\u00f5es em torno do Projeto de Educa\u00e7\u00e3o Ambiental Territ\u00f3rios do Petr\u00f3leo<\/span>\n\t\t<\/span>\n\t\t\t\t\t<\/a>\n\t\t<\/div>\n\t\t\t\t<\/div>\n\t\t\t\t<\/div>\n\t\t\t\t\t<\/div>\n\t\t<\/div>\n\t\t\t\t\t\t\t<\/div>\n\t\t<\/section>\n\t\t\t\t<section class=\"has_ma_el_bg_slider elementor-section elementor-top-section elementor-element elementor-element-5463543 elementor-section-boxed elementor-section-height-default elementor-section-height-default\" data-id=\"5463543\" data-element_type=\"section\">\n\t\t\t\t\t\t<div class=\"elementor-container elementor-column-gap-default\">\n\t\t\t\t\t<div class=\"has_ma_el_bg_slider elementor-column elementor-col-100 elementor-top-column elementor-element elementor-element-d9ac0b5\" data-id=\"d9ac0b5\" data-element_type=\"column\">\n\t\t\t<div class=\"elementor-widget-wrap elementor-element-populated\">\n\t\t\t\t\t\t\t\t<div class=\"elementor-element elementor-element-f34d48f elementor-widget elementor-widget-spacer\" data-id=\"f34d48f\" data-element_type=\"widget\" data-widget_type=\"spacer.default\">\n\t\t\t\t<div class=\"elementor-widget-container\">\n\t\t\t\t\t<div class=\"elementor-spacer\">\n\t\t\t<div class=\"elementor-spacer-inner\"><\/div>\n\t\t<\/div>\n\t\t\t\t<\/div>\n\t\t\t\t<\/div>\n\t\t\t\t\t<\/div>\n\t\t<\/div>\n\t\t\t\t\t\t\t<\/div>\n\t\t<\/section>\n\t\t\t\t<section class=\"has_ma_el_bg_slider elementor-section elementor-top-section elementor-element elementor-element-eab83b8 elementor-section-boxed elementor-section-height-default elementor-section-height-default\" data-id=\"eab83b8\" data-element_type=\"section\">\n\t\t\t\t\t\t<div class=\"elementor-container elementor-column-gap-default\">\n\t\t\t\t\t<div class=\"has_ma_el_bg_slider elementor-column elementor-col-50 elementor-top-column elementor-element elementor-element-dcf52b8\" data-id=\"dcf52b8\" data-element_type=\"column\">\n\t\t\t<div class=\"elementor-widget-wrap elementor-element-populated\">\n\t\t\t\t\t\t\t\t<div class=\"elementor-element elementor-element-1502000 elementor-widget elementor-widget-button\" data-id=\"1502000\" data-element_type=\"widget\" data-widget_type=\"button.default\">\n\t\t\t\t<div class=\"elementor-widget-container\">\n\t\t\t\t\t<div class=\"elementor-button-wrapper\">\n\t\t\t<a href=\"https:\/\/drive.google.com\/file\/d\/1l1mNVHTLqlzvvdr1_9w-Q9dhWPICtYO9\/view?usp=sharing\" class=\"elementor-button-link elementor-button elementor-size-sm\" role=\"button\">\n\t\t\t\t\t\t<span class=\"elementor-button-content-wrapper\">\n\t\t\t\t\t\t<span class=\"elementor-button-text\">A IMAGEM FOTOGR\u00c1FICA COMO FATOR DE ARTICULA\u00c7\u00c3O DOS INTEGRANTES DOS N\u00daCLEOS DE VIG\u00cdLIA CIDAD\u00c3 DO  PROJETO DE EDUCA\u00c7\u00c3O AMBIENTAL TERRIT\u00d3RIOS DO PETR\u00d3LEO\u00ac\u00ac<\/span>\n\t\t<\/span>\n\t\t\t\t\t<\/a>\n\t\t<\/div>\n\t\t\t\t<\/div>\n\t\t\t\t<\/div>\n\t\t\t\t\t<\/div>\n\t\t<\/div>\n\t\t\t\t<div class=\"has_ma_el_bg_slider elementor-column elementor-col-50 elementor-top-column elementor-element elementor-element-cd9811f\" data-id=\"cd9811f\" data-element_type=\"column\">\n\t\t\t<div class=\"elementor-widget-wrap elementor-element-populated\">\n\t\t\t\t\t\t\t\t<div class=\"elementor-element elementor-element-ecc6786 elementor-widget elementor-widget-button\" data-id=\"ecc6786\" data-element_type=\"widget\" data-widget_type=\"button.default\">\n\t\t\t\t<div class=\"elementor-widget-container\">\n\t\t\t\t\t<div class=\"elementor-button-wrapper\">\n\t\t\t<a href=\"https:\/\/drive.google.com\/file\/d\/16eWXg-iuJANZ961eqSQmsbPYKHLi6wco\/view?usp=sharing\" class=\"elementor-button-link elementor-button elementor-size-sm\" role=\"button\">\n\t\t\t\t\t\t<span class=\"elementor-button-content-wrapper\">\n\t\t\t\t\t\t<span class=\"elementor-button-text\">O desafio da governan\u00e7a urbana nas cidades pequenas petrorentistas: o papel das pol\u00edticas de ordenamento urbano na promo\u00e7\u00e3o de justi\u00e7a ambiental em Carapebus e Quissam\u00e3\/RJ<\/span>\n\t\t<\/span>\n\t\t\t\t\t<\/a>\n\t\t<\/div>\n\t\t\t\t<\/div>\n\t\t\t\t<\/div>\n\t\t\t\t\t<\/div>\n\t\t<\/div>\n\t\t\t\t\t\t\t<\/div>\n\t\t<\/section>\n\t\t\t\t\t\t<\/div>\n\t\t\t\t\t<\/div>\n\t\t","protected":false},"excerpt":{"rendered":"<p>Pesquisa de Uso do Tempo das Mulheres da A\u00e7\u00e3o Educativa do PEA\u00ad Territ\u00f3rios do Petr\u00f3leo:A experi\u00eancia no Munic\u00edpio de Carapebus Novas Tecnologias da Informa\u00e7\u00e3o e da Comunica\u00e7\u00e3o (NTIC) e educa\u00e7\u00e3o [&hellip;]<\/p>\n","protected":false},"author":1,"featured_media":0,"parent":0,"menu_order":0,"comment_status":"closed","ping_status":"closed","template":"","meta":{"om_disable_all_campaigns":false},"_links":{"self":[{"href":"https:\/\/territoriosdopetroleo.uenf.br\/index.php\/wp-json\/wp\/v2\/pages\/2125"}],"collection":[{"href":"https:\/\/territoriosdopetroleo.uenf.br\/index.php\/wp-json\/wp\/v2\/pages"}],"about":[{"href":"https:\/\/territoriosdopetroleo.uenf.br\/index.php\/wp-json\/wp\/v2\/types\/page"}],"author":[{"embeddable":true,"href":"https:\/\/territoriosdopetroleo.uenf.br\/index.php\/wp-json\/wp\/v2\/users\/1"}],"replies":[{"embeddable":true,"href":"https:\/\/territoriosdopetroleo.uenf.br\/index.php\/wp-json\/wp\/v2\/comments?post=2125"}],"version-history":[{"count":4,"href":"https:\/\/territoriosdopetroleo.uenf.br\/index.php\/wp-json\/wp\/v2\/pages\/2125\/revisions"}],"predecessor-version":[{"id":2129,"href":"https:\/\/territoriosdopetroleo.uenf.br\/index.php\/wp-json\/wp\/v2\/pages\/2125\/revisions\/2129"}],"wp:attachment":[{"href":"https:\/\/territoriosdopetroleo.uenf.br\/index.php\/wp-json\/wp\/v2\/media?parent=2125"}],"curies":[{"name":"wp","href":"https:\/\/api.w.org\/{rel}","templated":true}]}}